{"id":571,"date":"2025-02-07T09:47:08","date_gmt":"2025-02-07T09:47:08","guid":{"rendered":"https:\/\/teslasvalley.com\/?page_id=571"},"modified":"2025-06-11T10:19:09","modified_gmt":"2025-06-11T10:19:09","slug":"vila-velebita","status":"publish","type":"page","link":"https:\/\/teslasvalley.com\/en\/smjestaj\/vila-velebita\/","title":{"rendered":"Vila Velebita"},"content":{"rendered":"<div id=\"fws_69de20b650662\"  data-column-margin=\"default\" data-midnight=\"dark\"  class=\"wpb_row vc_row-fluid vc_row full-width-section vc_row-o-full-height vc_row-o-columns-middle vc_row-o-equal-height vc_row-flex\"  style=\"padding-top: 0px; padding-bottom: 0px; \"><div class=\"row-bg-wrap\" data-bg-animation=\"none\" data-bg-animation-delay=\"\" data-bg-overlay=\"true\"><div class=\"inner-wrap row-bg-layer using-image\" ><div class=\"row-bg viewport-desktop using-image\"  style=\"background-image: url(https:\/\/teslasvalley.com\/wp-content\/uploads\/2025\/01\/vila-velebita.jpg); background-position: left top; background-repeat: no-repeat; \"><\/div><\/div><div class=\"row-bg-overlay row-bg-layer\" style=\"background-color:#b87333;  opacity: 0.8; \"><\/div><\/div><div class=\"row_col_wrap_12 col span_12 dark center\">\n\t<div  class=\"vc_col-sm-12 wpb_column column_container vc_column_container col no-extra-padding inherit_tablet inherit_phone\"  data-padding-pos=\"all\" data-has-bg-color=\"false\" data-bg-color=\"\" data-bg-opacity=\"1\" data-animation=\"\" data-delay=\"0\" >\n\t\t<div class=\"vc_column-inner\" >\n\t\t\t<div class=\"wpb_wrapper\">\n\t\t\t\t<div class=\"nectar-highlighted-text font_size_8vw font_size_tablet_4vw\" data-style=\"full_text\" data-exp=\"default\" data-user-color=\"true\" style=\"color: #ffffff;\" data-using-custom-color=\"false\" data-animation-delay=\"false\" data-color=\"\" data-color-gradient=\"\"><h1 style=\"text-align: center\">Vila Velebita<\/h1>\n<\/div><div class=\"divider-wrap\" data-alignment=\"center\"><div style=\"margin-top: 10px; width: 20%; height: 1px; margin-bottom: 10px;\" data-width=\"20%\" data-animate=\"yes\" data-animation-delay=\"\" data-color=\"extra-color-3\" class=\"divider-small-border\"><\/div><\/div><div class=\"nectar-responsive-text nectar-link-underline-effect\" style=\"color: #ffffff;\"><p>Stories of fairies in the mountains exist in many told tales and are sung in many songs.<br \/>\nOral tradition says that the spirit of nature is so beautiful that people see it as a fairy!<\/p>\n<p>Did you know that Vila Velebita is the pride of Lika?!<\/p>\n<p>And our Villa Velebita\u2026<br \/>\nWhen our fairies spill their fairy dust on the bed<br \/>\nand then he sinks into the most beautiful dream!<\/p>\n<\/div><div class=\"nectar-cta  alignment_tablet_default alignment_phone_default display_tablet_inherit display_phone_inherit\" data-color=\"white\" data-using-bg=\"true\" data-style=\"arrow-animation\" data-display=\"block\" data-alignment=\"center\" data-text-color=\"custom\" ><h6 style=\"color: #b87333;\"><span class=\"link_wrap\" style=\"padding-top: 0.8em; padding-right: 2em; padding-bottom: 0.8em; padding-left: 2em;\"><a  class=\"link_text\" role=\"button\" href=\"https:\/\/teslasvalley.com\/en\/wp-booking-calendar\/\"><span class=\"text\">Book<\/span><svg class=\"next-arrow\" aria-hidden=\"true\" width=\"20px\" height=\"25px\" viewbox=\"0 0 50 80\" xml:space=\"preserve\">\n  <polyline stroke=\"#ffffff\" stroke-width=\"9\" fill=\"none\" stroke-linecap=\"round\" stroke-linejoin=\"round\" points=\"0, 0 45, 40 0, 80\"\/>\n  <\/svg>  <span class=\"line\"  style=\"background-color: #b87333;\"><\/span> <\/a><\/span><\/h6><\/div>\n\t\t\t<\/div> \n\t\t<\/div>\n\t<\/div> \n<\/div><\/div>\n\t\t<div id=\"fws_69de20b6513db\"  data-column-margin=\"default\" data-midnight=\"dark\" data-top-percent=\"10%\"  class=\"wpb_row vc_row-fluid vc_row\"  style=\"padding-top: calc(100vw * 0.10); padding-bottom: 0px; \"><div class=\"row-bg-wrap\" data-bg-animation=\"none\" data-bg-animation-delay=\"\" data-bg-overlay=\"false\"><div class=\"inner-wrap row-bg-layer\" ><div class=\"row-bg viewport-desktop\"  style=\"\"><\/div><\/div><\/div><div class=\"row_col_wrap_12 col span_12 dark left\">\n\t<div  class=\"vc_col-sm-12 wpb_column column_container vc_column_container col no-extra-padding inherit_tablet inherit_phone\"  data-padding-pos=\"all\" data-has-bg-color=\"false\" data-bg-color=\"\" data-bg-opacity=\"1\" data-animation=\"\" data-delay=\"0\" >\n\t\t<div class=\"vc_column-inner\" >\n\t\t\t<div class=\"wpb_wrapper\">\n\t\t\t\t\n\t<div class=\"wpb_gallery wpb_content_element clearfix\">\n\t\t<div class=\"wpb_wrapper\"><div class=\"wpb_gallery_slidesimage_grid\" data-onclick=\"link_image\" data-interval=\"5\">\n\n\t<div class=\"portfolio-wrap\">\n\n\t\t\t<span class=\"portfolio-loading\"><\/span>\n\n\t\t\t<div class=\"row portfolio-items no-masonry\" data-starting-filter=\"\" data-gutter=\"default\" data-masonry-type=\"default\" data-bypass-cropping=\"\"  data-ps=\"7\" data-loading=\"default\" data-categories-to-show=\"\" data-col-num=\"cols-4\">\n\n\n\n\t\n\t\t\t\t\t\t\t<div class=\"col span_3  element\" data-project-cat=\"\" data-default-color=\"true\" data-title-color=\"\" data-subtitle-color=\"\">\n\n\t\t\t\t\t\t\t<div class=\"inner-wrap animated\" data-animation=\"none\">\n\n\t\t\t\t\t\t\t\n\t\t\t\t\t\t\t<div class=\"work-item style-2\">\n\n\t\t\t\t\t\t\t\t<img decoding=\"async\" class=\"skip-lazy top-level-image\" src=\"https:\/\/teslasvalley.com\/wp-content\/uploads\/2025\/06\/4M8A7752_compressed-scaled-600x400.jpg\" width=\"600\" height=\"400\" alt=\"4M8A7752_compressed\" title=\"4M8A7752_compressed\" loading=\"lazy\" \/>\n\t\t\t\t\t\t\t\t<div class=\"work-info-bg\"><\/div>\n\t\t\t\t\t\t\t\t<div class=\"work-info\">\n\n\n\t\t\t\t\t\t\t\t\t\t\t\t\t\t\t\t\t   \t\t\t <a href=\"https:\/\/teslasvalley.com\/wp-content\/uploads\/2025\/06\/4M8A7752_compressed-scaled.jpg\" class=\"pretty_photo\"><span class=\"screen-reader-text\">4M8A7752_compressed<\/span><\/a>\n\t\t\t\t\t\t\t\t   \t\t\n\t\t\t\t\t\t\t\t\t\t<div class=\"vert-center\">\n\t\t\t\t\t\t\t\t\t\t\t\t\t\t\t\t\t\t\t\t\t<\/div><!--\/vert-center-->\n\n\t\t\t\t\t\t\t\t\t\n\n\t\t\t\t\t\t\t\t<\/div>\n\t\t\t\t\t\t\t<\/div><!--work-item-->\n\n\t\t\t\t\t\t\n\n\t\t\t\t\t\t<\/div><\/div> \n\t\t\t\t\t\t\n\t\t\t\t\t\t\t<div class=\"col span_3  element\" data-project-cat=\"\" data-default-color=\"true\" data-title-color=\"\" data-subtitle-color=\"\">\n\n\t\t\t\t\t\t\t<div class=\"inner-wrap animated\" data-animation=\"none\">\n\n\t\t\t\t\t\t\t\n\t\t\t\t\t\t\t<div class=\"work-item style-2\">\n\n\t\t\t\t\t\t\t\t<img decoding=\"async\" class=\"skip-lazy top-level-image\" src=\"https:\/\/teslasvalley.com\/wp-content\/uploads\/2025\/06\/4M8A7761_compressed-scaled-600x400.jpg\" width=\"600\" height=\"400\" alt=\"4M8A7761_compressed\" title=\"4M8A7761_compressed\" loading=\"lazy\" \/>\n\t\t\t\t\t\t\t\t<div class=\"work-info-bg\"><\/div>\n\t\t\t\t\t\t\t\t<div class=\"work-info\">\n\n\n\t\t\t\t\t\t\t\t\t\t\t\t\t\t\t\t\t   \t\t\t <a href=\"https:\/\/teslasvalley.com\/wp-content\/uploads\/2025\/06\/4M8A7761_compressed-scaled.jpg\" class=\"pretty_photo\"><span class=\"screen-reader-text\">4M8A7761_compressed<\/span><\/a>\n\t\t\t\t\t\t\t\t   \t\t\n\t\t\t\t\t\t\t\t\t\t<div class=\"vert-center\">\n\t\t\t\t\t\t\t\t\t\t\t\t\t\t\t\t\t\t\t\t\t<\/div><!--\/vert-center-->\n\n\t\t\t\t\t\t\t\t\t\n\n\t\t\t\t\t\t\t\t<\/div>\n\t\t\t\t\t\t\t<\/div><!--work-item-->\n\n\t\t\t\t\t\t\n\n\t\t\t\t\t\t<\/div><\/div> \n\t\t\t\t\t\t\n\t\t\t\t\t\t\t<div class=\"col span_3  element\" data-project-cat=\"\" data-default-color=\"true\" data-title-color=\"\" data-subtitle-color=\"\">\n\n\t\t\t\t\t\t\t<div class=\"inner-wrap animated\" data-animation=\"none\">\n\n\t\t\t\t\t\t\t\n\t\t\t\t\t\t\t<div class=\"work-item style-2\">\n\n\t\t\t\t\t\t\t\t<img decoding=\"async\" class=\"skip-lazy top-level-image\" src=\"https:\/\/teslasvalley.com\/wp-content\/uploads\/2025\/06\/4M8A7772_compressed-scaled-600x400.jpg\" width=\"600\" height=\"400\" alt=\"4M8A7772_compressed\" title=\"4M8A7772_compressed\" loading=\"lazy\" \/>\n\t\t\t\t\t\t\t\t<div class=\"work-info-bg\"><\/div>\n\t\t\t\t\t\t\t\t<div class=\"work-info\">\n\n\n\t\t\t\t\t\t\t\t\t\t\t\t\t\t\t\t\t   \t\t\t <a href=\"https:\/\/teslasvalley.com\/wp-content\/uploads\/2025\/06\/4M8A7772_compressed-scaled.jpg\" class=\"pretty_photo\"><span class=\"screen-reader-text\">4M8A7772_compressed<\/span><\/a>\n\t\t\t\t\t\t\t\t   \t\t\n\t\t\t\t\t\t\t\t\t\t<div class=\"vert-center\">\n\t\t\t\t\t\t\t\t\t\t\t\t\t\t\t\t\t\t\t\t\t<\/div><!--\/vert-center-->\n\n\t\t\t\t\t\t\t\t\t\n\n\t\t\t\t\t\t\t\t<\/div>\n\t\t\t\t\t\t\t<\/div><!--work-item-->\n\n\t\t\t\t\t\t\n\n\t\t\t\t\t\t<\/div><\/div> \n\t\t\t\t\t\t\n\t\t\t\t\t\t\t<div class=\"col span_3  element\" data-project-cat=\"\" data-default-color=\"true\" data-title-color=\"\" data-subtitle-color=\"\">\n\n\t\t\t\t\t\t\t<div class=\"inner-wrap animated\" data-animation=\"none\">\n\n\t\t\t\t\t\t\t\n\t\t\t\t\t\t\t<div class=\"work-item style-2\">\n\n\t\t\t\t\t\t\t\t<img decoding=\"async\" class=\"skip-lazy top-level-image\" src=\"https:\/\/teslasvalley.com\/wp-content\/uploads\/2025\/06\/4M8A7801_compressed-scaled-600x400.jpg\" width=\"600\" height=\"400\" alt=\"4M8A7801_compressed\" title=\"4M8A7801_compressed\" loading=\"lazy\" \/>\n\t\t\t\t\t\t\t\t<div class=\"work-info-bg\"><\/div>\n\t\t\t\t\t\t\t\t<div class=\"work-info\">\n\n\n\t\t\t\t\t\t\t\t\t\t\t\t\t\t\t\t\t   \t\t\t <a href=\"https:\/\/teslasvalley.com\/wp-content\/uploads\/2025\/06\/4M8A7801_compressed-scaled.jpg\" class=\"pretty_photo\"><span class=\"screen-reader-text\">4M8A7801_compressed<\/span><\/a>\n\t\t\t\t\t\t\t\t   \t\t\n\t\t\t\t\t\t\t\t\t\t<div class=\"vert-center\">\n\t\t\t\t\t\t\t\t\t\t\t\t\t\t\t\t\t\t\t\t\t<\/div><!--\/vert-center-->\n\n\t\t\t\t\t\t\t\t\t\n\n\t\t\t\t\t\t\t\t<\/div>\n\t\t\t\t\t\t\t<\/div><!--work-item-->\n\n\t\t\t\t\t\t\n\n\t\t\t\t\t\t<\/div><\/div> \n\t\t\t\t\t\t\n\t\t\t\t\t\t\t<div class=\"col span_3  element\" data-project-cat=\"\" data-default-color=\"true\" data-title-color=\"\" data-subtitle-color=\"\">\n\n\t\t\t\t\t\t\t<div class=\"inner-wrap animated\" data-animation=\"none\">\n\n\t\t\t\t\t\t\t\n\t\t\t\t\t\t\t<div class=\"work-item style-2\">\n\n\t\t\t\t\t\t\t\t<img decoding=\"async\" class=\"skip-lazy top-level-image\" src=\"https:\/\/teslasvalley.com\/wp-content\/uploads\/2025\/06\/4M8A7804_compressed-scaled-600x400.jpg\" width=\"600\" height=\"400\" alt=\"4M8A7804_compressed\" title=\"4M8A7804_compressed\" loading=\"lazy\" \/>\n\t\t\t\t\t\t\t\t<div class=\"work-info-bg\"><\/div>\n\t\t\t\t\t\t\t\t<div class=\"work-info\">\n\n\n\t\t\t\t\t\t\t\t\t\t\t\t\t\t\t\t\t   \t\t\t <a href=\"https:\/\/teslasvalley.com\/wp-content\/uploads\/2025\/06\/4M8A7804_compressed-scaled.jpg\" class=\"pretty_photo\"><span class=\"screen-reader-text\">4M8A7804_compressed<\/span><\/a>\n\t\t\t\t\t\t\t\t   \t\t\n\t\t\t\t\t\t\t\t\t\t<div class=\"vert-center\">\n\t\t\t\t\t\t\t\t\t\t\t\t\t\t\t\t\t\t\t\t\t<\/div><!--\/vert-center-->\n\n\t\t\t\t\t\t\t\t\t\n\n\t\t\t\t\t\t\t\t<\/div>\n\t\t\t\t\t\t\t<\/div><!--work-item-->\n\n\t\t\t\t\t\t\n\n\t\t\t\t\t\t<\/div><\/div> \n\t\t\t\t\t\t\n\t\t\t\t\t\t\t<div class=\"col span_3  element\" data-project-cat=\"\" data-default-color=\"true\" data-title-color=\"\" data-subtitle-color=\"\">\n\n\t\t\t\t\t\t\t<div class=\"inner-wrap animated\" data-animation=\"none\">\n\n\t\t\t\t\t\t\t\n\t\t\t\t\t\t\t<div class=\"work-item style-2\">\n\n\t\t\t\t\t\t\t\t<img decoding=\"async\" class=\"skip-lazy top-level-image\" src=\"https:\/\/teslasvalley.com\/wp-content\/uploads\/2025\/06\/4M8A7814_compressed-scaled-600x400.jpg\" width=\"600\" height=\"400\" alt=\"4M8A7814_compressed\" title=\"4M8A7814_compressed\" loading=\"lazy\" \/>\n\t\t\t\t\t\t\t\t<div class=\"work-info-bg\"><\/div>\n\t\t\t\t\t\t\t\t<div class=\"work-info\">\n\n\n\t\t\t\t\t\t\t\t\t\t\t\t\t\t\t\t\t   \t\t\t <a href=\"https:\/\/teslasvalley.com\/wp-content\/uploads\/2025\/06\/4M8A7814_compressed-scaled.jpg\" class=\"pretty_photo\"><span class=\"screen-reader-text\">4M8A7814_compressed<\/span><\/a>\n\t\t\t\t\t\t\t\t   \t\t\n\t\t\t\t\t\t\t\t\t\t<div class=\"vert-center\">\n\t\t\t\t\t\t\t\t\t\t\t\t\t\t\t\t\t\t\t\t\t<\/div><!--\/vert-center-->\n\n\t\t\t\t\t\t\t\t\t\n\n\t\t\t\t\t\t\t\t<\/div>\n\t\t\t\t\t\t\t<\/div><!--work-item-->\n\n\t\t\t\t\t\t\n\n\t\t\t\t\t\t<\/div><\/div> \n\t\t\t\t\t\t\n\t\t\t\t\t\t\t<div class=\"col span_3  element\" data-project-cat=\"\" data-default-color=\"true\" data-title-color=\"\" data-subtitle-color=\"\">\n\n\t\t\t\t\t\t\t<div class=\"inner-wrap animated\" data-animation=\"none\">\n\n\t\t\t\t\t\t\t\n\t\t\t\t\t\t\t<div class=\"work-item style-2\">\n\n\t\t\t\t\t\t\t\t<img decoding=\"async\" class=\"skip-lazy top-level-image\" src=\"https:\/\/teslasvalley.com\/wp-content\/uploads\/2025\/06\/4M8A7817_compressed-scaled-600x400.jpg\" width=\"600\" height=\"400\" alt=\"4M8A7817_compressed\" title=\"4M8A7817_compressed\" loading=\"lazy\" \/>\n\t\t\t\t\t\t\t\t<div class=\"work-info-bg\"><\/div>\n\t\t\t\t\t\t\t\t<div class=\"work-info\">\n\n\n\t\t\t\t\t\t\t\t\t\t\t\t\t\t\t\t\t   \t\t\t <a href=\"https:\/\/teslasvalley.com\/wp-content\/uploads\/2025\/06\/4M8A7817_compressed-scaled.jpg\" class=\"pretty_photo\"><span class=\"screen-reader-text\">4M8A7817_compressed<\/span><\/a>\n\t\t\t\t\t\t\t\t   \t\t\n\t\t\t\t\t\t\t\t\t\t<div class=\"vert-center\">\n\t\t\t\t\t\t\t\t\t\t\t\t\t\t\t\t\t\t\t\t\t<\/div><!--\/vert-center-->\n\n\t\t\t\t\t\t\t\t\t\n\n\t\t\t\t\t\t\t\t<\/div>\n\t\t\t\t\t\t\t<\/div><!--work-item-->\n\n\t\t\t\t\t\t\n\n\t\t\t\t\t\t<\/div><\/div> \n\t\t\t\t\t\t\n\t\t\t\t\t\t\t<div class=\"col span_3  element\" data-project-cat=\"\" data-default-color=\"true\" data-title-color=\"\" data-subtitle-color=\"\">\n\n\t\t\t\t\t\t\t<div class=\"inner-wrap animated\" data-animation=\"none\">\n\n\t\t\t\t\t\t\t\n\t\t\t\t\t\t\t<div class=\"work-item style-2\">\n\n\t\t\t\t\t\t\t\t<img decoding=\"async\" class=\"skip-lazy top-level-image\" src=\"https:\/\/teslasvalley.com\/wp-content\/uploads\/2025\/06\/20240831_120118_compressed-596x400.jpg\" width=\"596\" height=\"400\" alt=\"20240831_120118_compressed\" title=\"20240831_120118_compressed\" loading=\"lazy\" \/>\n\t\t\t\t\t\t\t\t<div class=\"work-info-bg\"><\/div>\n\t\t\t\t\t\t\t\t<div class=\"work-info\">\n\n\n\t\t\t\t\t\t\t\t\t\t\t\t\t\t\t\t\t   \t\t\t <a href=\"https:\/\/teslasvalley.com\/wp-content\/uploads\/2025\/06\/20240831_120118_compressed.jpg\" class=\"pretty_photo\"><span class=\"screen-reader-text\">20240831_120118_compressed<\/span><\/a>\n\t\t\t\t\t\t\t\t   \t\t\n\t\t\t\t\t\t\t\t\t\t<div class=\"vert-center\">\n\t\t\t\t\t\t\t\t\t\t\t\t\t\t\t\t\t\t\t\t\t<\/div><!--\/vert-center-->\n\n\t\t\t\t\t\t\t\t\t\n\n\t\t\t\t\t\t\t\t<\/div>\n\t\t\t\t\t\t\t<\/div><!--work-item-->\n\n\t\t\t\t\t\t\n\n\t\t\t\t\t\t<\/div><\/div> \n\t\t\t\t\t\t\n\t\t\t\t\t\t\t<div class=\"col span_3  element\" data-project-cat=\"\" data-default-color=\"true\" data-title-color=\"\" data-subtitle-color=\"\">\n\n\t\t\t\t\t\t\t<div class=\"inner-wrap animated\" data-animation=\"none\">\n\n\t\t\t\t\t\t\t\n\t\t\t\t\t\t\t<div class=\"work-item style-2\">\n\n\t\t\t\t\t\t\t\t<img decoding=\"async\" class=\"skip-lazy\" src=\"https:\/\/teslasvalley.com\/wp-content\/uploads\/2025\/06\/DSC_7189_compressed-600x400.jpeg\" width=\"600\" height=\"400\" alt=\"DSC_7189_compressed\" title=\"DSC_7189_compressed\" loading=\"lazy\" \/>\n\t\t\t\t\t\t\t\t<div class=\"work-info-bg\"><\/div>\n\t\t\t\t\t\t\t\t<div class=\"work-info\">\n\n\n\t\t\t\t\t\t\t\t\t\t\t\t\t\t\t\t\t   \t\t\t <a href=\"https:\/\/teslasvalley.com\/wp-content\/uploads\/2025\/06\/DSC_7189_compressed.jpeg\" class=\"pretty_photo\"><span class=\"screen-reader-text\">DSC_7189_compressed<\/span><\/a>\n\t\t\t\t\t\t\t\t   \t\t\n\t\t\t\t\t\t\t\t\t\t<div class=\"vert-center\">\n\t\t\t\t\t\t\t\t\t\t\t\t\t\t\t\t\t\t\t\t\t<\/div><!--\/vert-center-->\n\n\t\t\t\t\t\t\t\t\t\n\n\t\t\t\t\t\t\t\t<\/div>\n\t\t\t\t\t\t\t<\/div><!--work-item-->\n\n\t\t\t\t\t\t\n\n\t\t\t\t\t\t<\/div><\/div> \n\t\t\t\t\t\t\n\t\t\t\t\t\t\t<div class=\"col span_3  element\" data-project-cat=\"\" data-default-color=\"true\" data-title-color=\"\" data-subtitle-color=\"\">\n\n\t\t\t\t\t\t\t<div class=\"inner-wrap animated\" data-animation=\"none\">\n\n\t\t\t\t\t\t\t\n\t\t\t\t\t\t\t<div class=\"work-item style-2\">\n\n\t\t\t\t\t\t\t\t<img decoding=\"async\" class=\"skip-lazy\" src=\"https:\/\/teslasvalley.com\/wp-content\/uploads\/2025\/06\/DSC_7214_compressed-600x400.jpeg\" width=\"600\" height=\"400\" alt=\"DSC_7214_compressed\" title=\"DSC_7214_compressed\" loading=\"lazy\" \/>\n\t\t\t\t\t\t\t\t<div class=\"work-info-bg\"><\/div>\n\t\t\t\t\t\t\t\t<div class=\"work-info\">\n\n\n\t\t\t\t\t\t\t\t\t\t\t\t\t\t\t\t\t   \t\t\t <a href=\"https:\/\/teslasvalley.com\/wp-content\/uploads\/2025\/06\/DSC_7214_compressed.jpeg\" class=\"pretty_photo\"><span class=\"screen-reader-text\">DSC_7214_compressed<\/span><\/a>\n\t\t\t\t\t\t\t\t   \t\t\n\t\t\t\t\t\t\t\t\t\t<div class=\"vert-center\">\n\t\t\t\t\t\t\t\t\t\t\t\t\t\t\t\t\t\t\t\t\t<\/div><!--\/vert-center-->\n\n\t\t\t\t\t\t\t\t\t\n\n\t\t\t\t\t\t\t\t<\/div>\n\t\t\t\t\t\t\t<\/div><!--work-item-->\n\n\t\t\t\t\t\t\n\n\t\t\t\t\t\t<\/div><\/div> \n\t\t\t\t\t\t\n\t\t\t\t\t\t\t<div class=\"col span_3  element\" data-project-cat=\"\" data-default-color=\"true\" data-title-color=\"\" data-subtitle-color=\"\">\n\n\t\t\t\t\t\t\t<div class=\"inner-wrap animated\" data-animation=\"none\">\n\n\t\t\t\t\t\t\t\n\t\t\t\t\t\t\t<div class=\"work-item style-2\">\n\n\t\t\t\t\t\t\t\t<img decoding=\"async\" class=\"skip-lazy\" src=\"https:\/\/teslasvalley.com\/wp-content\/uploads\/2025\/06\/DSC_7217_compressed-600x400.jpeg\" width=\"600\" height=\"400\" alt=\"DSC_7217_compressed\" title=\"DSC_7217_compressed\" loading=\"lazy\" \/>\n\t\t\t\t\t\t\t\t<div class=\"work-info-bg\"><\/div>\n\t\t\t\t\t\t\t\t<div class=\"work-info\">\n\n\n\t\t\t\t\t\t\t\t\t\t\t\t\t\t\t\t\t   \t\t\t <a href=\"https:\/\/teslasvalley.com\/wp-content\/uploads\/2025\/06\/DSC_7217_compressed.jpeg\" class=\"pretty_photo\"><span class=\"screen-reader-text\">DSC_7217_compressed<\/span><\/a>\n\t\t\t\t\t\t\t\t   \t\t\n\t\t\t\t\t\t\t\t\t\t<div class=\"vert-center\">\n\t\t\t\t\t\t\t\t\t\t\t\t\t\t\t\t\t\t\t\t\t<\/div><!--\/vert-center-->\n\n\t\t\t\t\t\t\t\t\t\n\n\t\t\t\t\t\t\t\t<\/div>\n\t\t\t\t\t\t\t<\/div><!--work-item-->\n\n\t\t\t\t\t\t\n\n\t\t\t\t\t\t<\/div><\/div> \n\t\t\t\t\t\t\n\t\t\t\t\t\t\t<div class=\"col span_3  element\" data-project-cat=\"\" data-default-color=\"true\" data-title-color=\"\" data-subtitle-color=\"\">\n\n\t\t\t\t\t\t\t<div class=\"inner-wrap animated\" data-animation=\"none\">\n\n\t\t\t\t\t\t\t\n\t\t\t\t\t\t\t<div class=\"work-item style-2\">\n\n\t\t\t\t\t\t\t\t<img decoding=\"async\" class=\"skip-lazy\" src=\"https:\/\/teslasvalley.com\/wp-content\/uploads\/2025\/06\/DSC_7235_compressed-600x400.jpeg\" width=\"600\" height=\"400\" alt=\"DSC_7235_compressed\" title=\"DSC_7235_compressed\" loading=\"lazy\" \/>\n\t\t\t\t\t\t\t\t<div class=\"work-info-bg\"><\/div>\n\t\t\t\t\t\t\t\t<div class=\"work-info\">\n\n\n\t\t\t\t\t\t\t\t\t\t\t\t\t\t\t\t\t   \t\t\t <a href=\"https:\/\/teslasvalley.com\/wp-content\/uploads\/2025\/06\/DSC_7235_compressed.jpeg\" class=\"pretty_photo\"><span class=\"screen-reader-text\">DSC_7235_compressed<\/span><\/a>\n\t\t\t\t\t\t\t\t   \t\t\n\t\t\t\t\t\t\t\t\t\t<div class=\"vert-center\">\n\t\t\t\t\t\t\t\t\t\t\t\t\t\t\t\t\t\t\t\t\t<\/div><!--\/vert-center-->\n\n\t\t\t\t\t\t\t\t\t\n\n\t\t\t\t\t\t\t\t<\/div>\n\t\t\t\t\t\t\t<\/div><!--work-item-->\n\n\t\t\t\t\t\t\n\n\t\t\t\t\t\t<\/div><\/div> \n\t\t\t\t\t\t<\/div><\/div><\/div>\n\t\t<\/div> \n\t<\/div> \n\t\t\t<\/div> \n\t\t<\/div>\n\t<\/div> \n<\/div><\/div>","protected":false},"excerpt":{"rendered":"Vila Velebita Pri\u010de o vilama u planinama postoje u mnogim ispri\u010danim pri\u010dama i opjevane su u mnogim pjesmama....","protected":false},"author":1,"featured_media":0,"parent":562,"menu_order":0,"comment_status":"closed","ping_status":"closed","template":"","meta":{"_themeisle_gutenberg_block_has_review":false,"footnotes":""},"class_list":["post-571","page","type-page","status-publish"],"_links":{"self":[{"href":"https:\/\/teslasvalley.com\/en\/wp-json\/wp\/v2\/pages\/571","targetHints":{"allow":["GET"]}}],"collection":[{"href":"https:\/\/teslasvalley.com\/en\/wp-json\/wp\/v2\/pages"}],"about":[{"href":"https:\/\/teslasvalley.com\/en\/wp-json\/wp\/v2\/types\/page"}],"author":[{"embeddable":true,"href":"https:\/\/teslasvalley.com\/en\/wp-json\/wp\/v2\/users\/1"}],"replies":[{"embeddable":true,"href":"https:\/\/teslasvalley.com\/en\/wp-json\/wp\/v2\/comments?post=571"}],"version-history":[{"count":9,"href":"https:\/\/teslasvalley.com\/en\/wp-json\/wp\/v2\/pages\/571\/revisions"}],"predecessor-version":[{"id":806,"href":"https:\/\/teslasvalley.com\/en\/wp-json\/wp\/v2\/pages\/571\/revisions\/806"}],"up":[{"embeddable":true,"href":"https:\/\/teslasvalley.com\/en\/wp-json\/wp\/v2\/pages\/562"}],"wp:attachment":[{"href":"https:\/\/teslasvalley.com\/en\/wp-json\/wp\/v2\/media?parent=571"}],"curies":[{"name":"wp","href":"https:\/\/api.w.org\/{rel}","templated":true}]}}