{"id":614,"date":"2025-02-07T11:11:33","date_gmt":"2025-02-07T11:11:33","guid":{"rendered":"https:\/\/teslasvalley.com\/?page_id=614"},"modified":"2026-03-23T16:12:15","modified_gmt":"2026-03-23T16:12:15","slug":"o-nama","status":"publish","type":"page","link":"https:\/\/teslasvalley.com\/en\/o-nama\/","title":{"rendered":"About"},"content":{"rendered":"<div id=\"team\"  data-column-margin=\"default\" data-midnight=\"dark\" data-top-percent=\"5%\" data-bottom-percent=\"5%\"  class=\"wpb_row vc_row-fluid vc_row full-width-content vc_row-o-equal-height vc_row-flex vc_row-o-content-top  right_padding_6pct left_padding_6pct top_padding_tablet_10pct bottom_padding_tablet_10pct\"  style=\"padding-top: calc(100vw * 0.05); padding-bottom: calc(100vw * 0.05); \"><div class=\"row-bg-wrap\" data-bg-animation=\"none\" data-bg-animation-delay=\"\" data-bg-overlay=\"false\"><div class=\"inner-wrap row-bg-layer\" ><div class=\"row-bg viewport-desktop\"  style=\"\"><\/div><\/div><\/div><div class=\"row_col_wrap_12 col span_12 dark left\">\n\t<div  class=\"vc_col-sm-4 wpb_column column_container vc_column_container col nectar-sticky-column-css has-animation no-extra-padding inherit_tablet inherit_phone\"  data-padding-pos=\"all\" data-has-bg-color=\"false\" data-bg-color=\"\" data-bg-opacity=\"1\" data-animation=\"fade-in-from-bottom\" data-delay=\"0\" >\n\t\t<div class=\"n-sticky\"><div class=\"vc_column-inner\" >\n\t\t\t<div class=\"wpb_wrapper\">\n\t\t\t\t<div class=\"nectar-split-heading  font_size_3vw\" data-align=\"default\" data-m-align=\"inherit\" data-text-effect=\"none\" data-animation-type=\"line-reveal-by-space\" data-animation-delay=\"0\" data-animation-offset=\"\" data-m-rm-animation=\"\" data-stagger=\"\" data-custom-font-size=\"true\" style=\"font-size: 3vw; line-height: 3.3vw;\"><h2 >Meet Us<\/h2><\/div><div class=\"nectar-split-heading  font_size_1-1vw font_size_tablet_18px font_size_phone_16px font_line_height_1-7\" data-align=\"default\" data-m-align=\"inherit\" data-text-effect=\"none\" data-animation-type=\"line-reveal-by-space\" data-animation-delay=\"0\" data-animation-offset=\"\" data-m-rm-animation=\"\" data-stagger=\"\" data-custom-font-size=\"true\" style=\"font-size: 1.1vw; line-height: 1.21vw;\"><p >We are not just a team that runs a camp; we are nature lovers who have decided to follow a different path.<br \/>\nInstead of ready-made solutions \u2013 we chose our own hands.<br \/>\nInstead of perfection \u2013 we embraced authenticity.<br \/>\nWhat you see \u2013 we built it ourselves.<br \/>\nWhat you experience comes from the heart.<\/p>\n<p>Welcome to Tesla's Valley - a childhood place worth repeating.<\/p><\/div><div id=\"fws_69de233f0b1a8\" data-midnight=\"\" data-column-margin=\"default\" class=\"wpb_row vc_row-fluid vc_row inner_row  right_padding_8pct left_padding_8pct right_padding_phone_0px left_padding_phone_0px\"  style=\"\"><div class=\"row-bg-wrap\"> <div class=\"row-bg\" ><\/div> <\/div><div class=\"row_col_wrap_12_inner col span_12  left\">\n\t<div  class=\"vc_col-sm-12 wpb_column column_container vc_column_container col child_column no-extra-padding inherit_tablet inherit_phone\"   data-padding-pos=\"all\" data-has-bg-color=\"false\" data-bg-color=\"\" data-bg-opacity=\"1\" data-animation=\"\" data-delay=\"0\" >\n\t\t<div class=\"vc_column-inner\" >\n\t\t<div class=\"wpb_wrapper\">\n\t\t\t<blockquote class=\"nectar_single_testimonial\" data-color=\"\" data-style=\"basic\"><div class=\"inner\"> <p>&#8220;Gost ovdje nije samo prolaznik \u2013 on postaje dio pri\u010de. &#8221; <\/p><\/div><\/blockquote>\n\t\t<\/div> \n\t<\/div>\n\t<\/div> \n<\/div><\/div>\n\t\t\t<\/div> \n\t\t<\/div><\/div>\n\t<\/div> \n\n\t<div  class=\"vc_col-sm-8 wpb_column column_container vc_column_container col padding-6-percent el_spacing_0px no-extra-padding_tablet no-extra-padding_phone\"  data-padding-pos=\"left\" data-has-bg-color=\"false\" data-bg-color=\"\" data-bg-opacity=\"1\" data-animation=\"\" data-delay=\"0\" >\n\t\t<div class=\"vc_column-inner\" >\n\t\t\t<div class=\"wpb_wrapper\">\n\t\t\t\t<div id=\"fws_69de233f0b8ee\" data-midnight=\"\" data-column-margin=\"30px\" class=\"wpb_row vc_row-fluid vc_row inner_row  top_padding_tablet_40px bottom_padding_tablet_0px\"  style=\"padding-bottom: 20px; \"><div class=\"row-bg-wrap\"> <div class=\"row-bg\" ><\/div> <\/div><div class=\"row_col_wrap_12_inner col span_12  left\">\n\t<div  class=\"vc_col-sm-6 wpb_column column_container vc_column_container col child_column no-extra-padding inherit_tablet inherit_phone\"    data-t-w-inherits=\"small_desktop\" data-padding-pos=\"all\" data-has-bg-color=\"false\" data-bg-color=\"\" data-bg-opacity=\"1\" data-animation=\"\" data-delay=\"0\" >\n\t\t<div class=\"vc_column-inner\" >\n\t\t<div class=\"wpb_wrapper\">\n\t\t\t<div class=\"team-member\" data-n-parallax-bg=\"true\" data-parallax-speed=\"subtle\" data-style=\"bio_fullscreen_alt\"><div class=\"team-member-image\"><div class=\"team-member-image-inner\"><div class=\"nectar-el-parallax-scroll\" data-scroll-animation=\"true\" data-scroll-animation-mobile=\"true\" data-scroll-animation-intensity=\"-0.7\" data-scroll-animation-lerp=\"1\"><div class=\"vc_column-inner\"><img loading=\"lazy\" decoding=\"async\" src=\"\" width=\"500\" height=\"500\" alt=\"\" \/><\/div><\/div><\/div><\/div><div class=\"team-member-overlay\"><\/div>\n    <div class=\"team-meta\"><h5><\/h5><h3>Josip<\/h3><p>He is the man behind every bit of Tesla Valley \u2013 because, honestly, he made everything with his own hands. Every board, every stone, every beam carries his love for Lika, the ancestral land that lives in his heart. It all started as a dream, a combination of love and passion, he and Eni together, building a place where nature breathes and the soul finds peace. A medical technician, a member of the Mountain Rescue Service, but also a master of peace and home who created Tesla Valley from the ground up.<\/p><\/div>\n    <div class=\"nectar_team_bio_img\" data-img-src=\"\"><\/div>\n    <div class=\"nectar_team_bio\"><div class=\"bottom_meta\"><a href=\"\" target=\"_blank\"><i class=\"icon-default-style fa fa-instagram\"><\/i><\/a><a href=\"\" target=\"_blank\"><i class=\"icon-default-style fa fa-twitter\"><\/i><\/a><\/div><\/div>\n    <\/div>\n\t\t<\/div> \n\t<\/div>\n\t<\/div> \n\n\t<div  class=\"vc_col-sm-6 wpb_column column_container vc_column_container col child_column no-extra-padding inherit_tablet inherit_phone\"    data-t-w-inherits=\"small_desktop\" data-padding-pos=\"all\" data-has-bg-color=\"false\" data-bg-color=\"\" data-bg-opacity=\"1\" data-animation=\"\" data-delay=\"0\" >\n\t\t<div class=\"vc_column-inner\" >\n\t\t<div class=\"wpb_wrapper\">\n\t\t\t<div class=\"team-member\" data-n-parallax-bg=\"true\" data-parallax-speed=\"subtle\" data-style=\"bio_fullscreen_alt\"><div class=\"team-member-image\"><div class=\"team-member-image-inner\"><div class=\"nectar-el-parallax-scroll\" data-scroll-animation=\"true\" data-scroll-animation-mobile=\"true\" data-scroll-animation-intensity=\"-0.7\" data-scroll-animation-lerp=\"1\"><div class=\"vc_column-inner\"><img loading=\"lazy\" decoding=\"async\" src=\"\" width=\"500\" height=\"500\" alt=\"\" \/><\/div><\/div><\/div><\/div><div class=\"team-member-overlay\"><\/div>\n    <div class=\"team-meta\"><h5><\/h5><h3>Eni<\/h3><p>Na\u0161a kreativna du\u0161a i najve\u0107a prijateljica djece, Eni je srce i energija koje pokre\u0107u radost u Teslinoj dolini. Magistra pedagogije i primarnog obrazovanja vjeruje da je prava \u010darolija u malim stvarima \u2013 u osmjesima koje potakne, u trenucima igre i u onim ti\u0161im sekundama kada dijete otkrije ne\u0161to novo. Eni sa srcem punim strasti osmi\u0161ljava i vodi dje\u010dje radionice, ro\u0111endane i animacije koje ne samo da zabavljaju, nego i poti\u010du prirodni razvoj i kreativnost. Eni je onaj topli glas i osmijeh u Teslinoj dolini koji djeci otvara vrata prema novim svjetovima i u\u010di ih kako da vole, istra\u017euju i rastu.<\/p><\/div>\n    <div class=\"nectar_team_bio_img\" data-img-src=\"\"><\/div>\n    <div class=\"nectar_team_bio\"><div class=\"bottom_meta\"><a href=\"#\" target=\"_blank\"><i class=\"icon-default-style fa fa-instagram\"><\/i><\/a><a href=\"#\" target=\"_blank\"><i class=\"icon-default-style fa fa-twitter\"><\/i><\/a><\/div><\/div>\n    <\/div>\n\t\t<\/div> \n\t<\/div>\n\t<\/div> \n<\/div><\/div><div id=\"fws_69de233f0c219\" data-midnight=\"\" data-column-margin=\"30px\" class=\"wpb_row vc_row-fluid vc_row inner_row  top_padding_tablet_40px bottom_padding_tablet_0px\"  style=\"padding-bottom: 20px; \"><div class=\"row-bg-wrap\"> <div class=\"row-bg\" ><\/div> <\/div><div class=\"row_col_wrap_12_inner col span_12  left\">\n\t<div  class=\"vc_col-sm-6 wpb_column column_container vc_column_container col child_column no-extra-padding inherit_tablet inherit_phone\"    data-t-w-inherits=\"small_desktop\" data-padding-pos=\"all\" data-has-bg-color=\"false\" data-bg-color=\"\" data-bg-opacity=\"1\" data-animation=\"\" data-delay=\"0\" >\n\t\t<div class=\"vc_column-inner\" >\n\t\t<div class=\"wpb_wrapper\">\n\t\t\t<div class=\"team-member\" data-n-parallax-bg=\"true\" data-parallax-speed=\"subtle\" data-style=\"bio_fullscreen_alt\"><div class=\"team-member-image\"><div class=\"team-member-image-inner\"><div class=\"nectar-el-parallax-scroll\" data-scroll-animation=\"true\" data-scroll-animation-mobile=\"true\" data-scroll-animation-intensity=\"-0.7\" data-scroll-animation-lerp=\"1\"><div class=\"vc_column-inner\"><img loading=\"lazy\" decoding=\"async\" src=\"\" width=\"500\" height=\"500\" alt=\"\" \/><\/div><\/div><\/div><\/div><div class=\"team-member-overlay\"><\/div>\n    <div class=\"team-meta\"><h5><\/h5><h3>Ana<\/h3><p>Prije svega mama, a zatim osoba s diplomom iz psihologije s velikim srcem i jo\u0161 ve\u0107om ljubavlju prema prirodi. Odrasla u slikovitom selu unutar Nacionalnog parka Risnjak, Ana je osoba koja s lako\u0107om spaja struku i strast \u2014 njezina ljubav prema prirodi nije samo hobi, ve\u0107 na\u010din \u017eivota. Ana voli izazove i nije sklona odustajanju, a tu energiju prenosi i na sve oko sebe. Njena empatija i stru\u010dnost \u010desto su klju\u010dni u trenucima kada je pomo\u0107 najpotrebnija. U Teslinoj dolini Ana je ona koja razumije i podr\u017eava, koja poti\u010de rast i mir, ali i koja s osmijehom do\u010dekuje svakog gosta.<\/p><\/div>\n    <div class=\"nectar_team_bio_img\" data-img-src=\"\"><\/div>\n    <div class=\"nectar_team_bio\"><div class=\"bottom_meta\"><a href=\"#\" target=\"_blank\"><i class=\"icon-default-style fa fa-instagram\"><\/i><\/a><a href=\"#\" target=\"_blank\"><i class=\"icon-default-style fa fa-twitter\"><\/i><\/a><\/div><\/div>\n    <\/div>\n\t\t<\/div> \n\t<\/div>\n\t<\/div> \n\n\t<div  class=\"vc_col-sm-6 wpb_column column_container vc_column_container col child_column no-extra-padding inherit_tablet inherit_phone\"    data-t-w-inherits=\"small_desktop\" data-padding-pos=\"all\" data-has-bg-color=\"false\" data-bg-color=\"\" data-bg-opacity=\"1\" data-animation=\"\" data-delay=\"0\" >\n\t\t<div class=\"vc_column-inner\" >\n\t\t<div class=\"wpb_wrapper\">\n\t\t\t<div class=\"team-member\" data-n-parallax-bg=\"true\" data-parallax-speed=\"subtle\" data-style=\"bio_fullscreen_alt\"><div class=\"team-member-image\"><div class=\"team-member-image-inner\"><div class=\"nectar-el-parallax-scroll\" data-scroll-animation=\"true\" data-scroll-animation-mobile=\"true\" data-scroll-animation-intensity=\"-0.7\" data-scroll-animation-lerp=\"1\"><div class=\"vc_column-inner\"><img loading=\"lazy\" decoding=\"async\" src=\"\" width=\"500\" height=\"500\" alt=\"\" \/><\/div><\/div><\/div><\/div><div class=\"team-member-overlay\"><\/div>\n    <div class=\"team-meta\"><h5><\/h5><h3>Zvone<\/h3><p>The conceptual initiator of Tesla Valley, but not one who just dreams from afar, but slowly and patiently builds bridges between theory and practice. A psychologist by profession, mindfulness trainer and psychotherapist, Zvonimir is a person who understands how important it is to find inner peace amidst the noise of the world. His path has not always been straight \u2013 just like our project. But with a big heart and an inexhaustible desire to learn, he discovers new ways to be of service to the camp and to people every day.<\/p><\/div>\n    <div class=\"nectar_team_bio_img\" data-img-src=\"\"><\/div>\n    <div class=\"nectar_team_bio\"><div class=\"bottom_meta\"><a href=\"#\" target=\"_blank\"><i class=\"icon-default-style fa fa-instagram\"><\/i><\/a><a href=\"#\" target=\"_blank\"><i class=\"icon-default-style fa fa-twitter\"><\/i><\/a><\/div><\/div>\n    <\/div>\n\t\t<\/div> \n\t<\/div>\n\t<\/div> \n<\/div><\/div><div class=\"img-with-aniamtion-wrap\" data-max-width=\"100%\" data-max-width-mobile=\"default\" data-shadow=\"none\" data-animation=\"none\" >\n      <div class=\"inner\">\n        <div class=\"hover-wrap\"> \n          <div class=\"hover-wrap-inner\">\n            <img loading=\"lazy\" decoding=\"async\" class=\"img-with-animation skip-lazy\" data-delay=\"0\" height=\"1418\" width=\"2048\" data-animation=\"none\" src=\"https:\/\/teslasvalley.com\/wp-content\/uploads\/2025\/02\/naslovna-2048x1418-1.jpg\" alt=\"\" srcset=\"https:\/\/teslasvalley.com\/wp-content\/uploads\/2025\/02\/naslovna-2048x1418-1.jpg 2048w, https:\/\/teslasvalley.com\/wp-content\/uploads\/2025\/02\/naslovna-2048x1418-1-300x208.jpg 300w, https:\/\/teslasvalley.com\/wp-content\/uploads\/2025\/02\/naslovna-2048x1418-1-1024x709.jpg 1024w, https:\/\/teslasvalley.com\/wp-content\/uploads\/2025\/02\/naslovna-2048x1418-1-768x532.jpg 768w, https:\/\/teslasvalley.com\/wp-content\/uploads\/2025\/02\/naslovna-2048x1418-1-1536x1064.jpg 1536w\" sizes=\"auto, (max-width: 2048px) 100vw, 2048px\" \/>\n          <\/div>\n        <\/div>\n      <\/div>\n    <\/div>\n\t\t\t<\/div> \n\t\t<\/div>\n\t<\/div> \n<\/div><\/div>","protected":false},"excerpt":{"rendered":"Upoznajte nasNismo samo ekipa koja vodi kamp; mi smo zaljubljenici u prirodu koji su odlu\u010dili slijediti druga\u010diji put....","protected":false},"author":1,"featured_media":0,"parent":0,"menu_order":0,"comment_status":"closed","ping_status":"closed","template":"","meta":{"_themeisle_gutenberg_block_has_review":false,"footnotes":""},"class_list":["post-614","page","type-page","status-publish"],"_links":{"self":[{"href":"https:\/\/teslasvalley.com\/en\/wp-json\/wp\/v2\/pages\/614","targetHints":{"allow":["GET"]}}],"collection":[{"href":"https:\/\/teslasvalley.com\/en\/wp-json\/wp\/v2\/pages"}],"about":[{"href":"https:\/\/teslasvalley.com\/en\/wp-json\/wp\/v2\/types\/page"}],"author":[{"embeddable":true,"href":"https:\/\/teslasvalley.com\/en\/wp-json\/wp\/v2\/users\/1"}],"replies":[{"embeddable":true,"href":"https:\/\/teslasvalley.com\/en\/wp-json\/wp\/v2\/comments?post=614"}],"version-history":[{"count":8,"href":"https:\/\/teslasvalley.com\/en\/wp-json\/wp\/v2\/pages\/614\/revisions"}],"predecessor-version":[{"id":876,"href":"https:\/\/teslasvalley.com\/en\/wp-json\/wp\/v2\/pages\/614\/revisions\/876"}],"wp:attachment":[{"href":"https:\/\/teslasvalley.com\/en\/wp-json\/wp\/v2\/media?parent=614"}],"curies":[{"name":"wp","href":"https:\/\/api.w.org\/{rel}","templated":true}]}}